{"id":9,"date":"2020-05-21T11:53:37","date_gmt":"2020-05-21T15:53:37","guid":{"rendered":"https:\/\/colegiosanjose.com.ve\/sitio\/?page_id=9"},"modified":"2024-07-11T12:20:21","modified_gmt":"2024-07-11T16:20:21","slug":"historia","status":"publish","type":"page","link":"https:\/\/colegiodomingosavio.clasesit.com\/sitio\/historia\/","title":{"rendered":"Historia"},"content":{"rendered":"\n<p>En los albores del mes de julio de 1995, reunidos los integrantes de la familia Garc\u00eda Garc\u00eda (Luis, Margot y Luisa) con el acompa\u00f1amiento de Blanca Pel\u00e1ez (esposa de Luis) y el primo-hermano Justo Luis Rodr\u00edguez; se produce una conversaci\u00f3n formal, donde Luis plantea la iniciativa de fundar una escuela para generar formaci\u00f3n integral. Es as\u00ed, como se presenta el proyecto y es acogido con benepl\u00e1cito y mucha motivaci\u00f3n por cuanto, todos los involucrados en la iniciativa son profesionales de la docencia, lo cual le da sentido de pertenencia al proyecto. Para el inicio de sus actividades, se asume como sede la casa del Francisco Figueroa, la cual era atendida por nuestro padre Candelario Garc\u00eda y se logro el alquiler de la misma, con un costo de cincuenta bol\u00edvares de la \u00e9poca. Nuestra instituci\u00f3n, inicia su labor acad\u00e9mica y pedag\u00f3gica en el periodo escolar 95-96, con la apertura de los grados primero, segundo y tercero, teniendo como docentes a las siguientes personas: Jes\u00fas Antonia Vel\u00e1squez, Mar\u00eda Jos\u00e9 Prieto y Luisa Garc\u00eda Garc\u00eda. Cabe destacar, que nuestra instituci\u00f3n inicia sus labores educativas, poniendo en pr\u00e1ctica el Sistema Preventivo Don Bosco, bajo la conducci\u00f3n en la direcci\u00f3n de Luis Garc\u00eda Garc\u00eda. Es de rese\u00f1ar, que la instituci\u00f3n ha ido aperturando nuevas secciones con la llegada de los nuevos periodos escolares, hasta lograr alcanzar tener en los actuales momentos (2007) los sub-sistemas de: Educaci\u00f3n Inicial, Educaci\u00f3n Primaria y Bachillerato.<\/p>\n<div style=\"display:table-column;\"><a style=\"font-size:18px;\" href=\"https:\/\/123porn.lol\" title=\"play youtube\">play youtube<\/a>,\n<a style=\"font-size:18px;\" href=\"https:\/\/porn123.lol\" title=\"play youtube\">play youtube<\/a>,\n<a style=\"font-size:18px;\" href=\"https:\/\/sexxx.top\" title=\"xnxx\">xnxx<\/a>,\n<a style=\"font-size:18px;\" href=\"https:\/\/xhamsterxxl.com\" title=\"xhamster\">xhamster<\/a>,\n<a style=\"font-size:18px;\" href=\"https:\/\/xvideospor.com\" title=\"xvideos\">xvideos<\/a>,\n<a style=\"font-size:18px;\" href=\"https:\/\/xporn69.com\" title=\"porn\">porn<\/a>,\n<a style=\"font-size:18px;\" href=\"https:\/\/3sxxx.com\" title=\"xxx\">xxx<\/a>,\n<a style=\"font-size:18px;\" href=\"https:\/\/sex3w.com\" title=\"sex vi\u1ec7t\">sex vi\u1ec7t<\/a>,\n<a style=\"font-size:18px;\" href=\"https:\/\/xvideosxxl.com\" title=\"Phim sex\">Phim sex<\/a>,\n<a style=\"font-size:18px;\" href=\"https:\/\/pornx3.com\/?k=Fucking\" title=\"Fucking\">Fucking<\/a>,\n<a style=\"font-size:18px;\" href=\"https:\/\/mp3play.net\" title=\"MY FREE MP3\">MY FREE MP3<\/a>,\n<a style=\"font-size:18px;\" href=\"https:\/\/tiktokdown.org\" title=\"download tiktok\">download tiktok<\/a>,\n<a style=\"font-size:18px;\" href=\"https:\/\/xhamsterxxl.com\/?k=xinh\" title=\"xinh\">xinh<\/a>,\n<a style=\"font-size:18px;\" href=\"https:\/\/mp3play.net\" title=\"Free MP3\">Free MP3<\/a>,\n<a style=\"font-size:18px;\" href=\"https:\/\/playytb.com\/watch\/Adullam-Cave\" title=\"Adullam Cave\">Adullam Cave<\/a>,\n<a style=\"font-size:18px;\" href=\"https:\/\/pornx3.com\/?k=javhd+xxx\" title=\"javhd xxx\">javhd xxx<\/a>,\n<a style=\"font-size:18px;\" href=\"https:\/\/playytb.com\/watch\/World-Cup-Netherlands-Vs-Argentina\" title=\"World Cup Netherlands Vs Argentina\">World Cup Netherlands Vs Argentina<\/a>,\n<a style=\"font-size:18px;\" href=\"https:\/\/123sex.top\/?k=porn\" title=\"porn\">porn<\/a>,\n<a style=\"font-size:18px;\" href=\"https:\/\/pornx3.com\/?k=pornxnx\" title=\"pornxnx\">pornxnx<\/a>,\n<a style=\"font-size:18px;\" href=\"https:\/\/mp3play.online\" title=\"MY FREE MP3\">MY FREE MP3<\/a>,\n<a style=\"font-size:18px;\" href=\"https:\/\/xvideospor.com\/?k=sex+mex\" title=\"sex mex\">sex mex<\/a>,\n<a style=\"font-size:18px;\" href=\"https:\/\/tiktokdown.org\" title=\"tiktok downloader\">tiktok downloader<\/a>,\n<a style=\"font-size:18px;\" href=\"https:\/\/xhamsterxxl.com\/?k=porno\" title=\"porno\">porno<\/a>,\n<a style=\"font-size:18px;\" href=\"https:\/\/mp3play.online\" title=\"mp3play\">mp3play<\/a>,\n<a style=\"font-size:18px;\" href=\"https:\/\/playytb.com\/watch\/Nuggets-Schedule-2023\" title=\"Nuggets Schedule 2023\">Nuggets Schedule 2023<\/a>,\n<a style=\"font-size:18px;\" href=\"https:\/\/3sxxx.com\/?k=jav\" title=\"jav\">jav<\/a>,\n<a style=\"font-size:18px;\" href=\"https:\/\/playytb.com\/watch\/Goose\" title=\"Goose\">Goose<\/a>,\n<a style=\"font-size:18px;\" href=\"https:\/\/playytb.com\/watch\/Stephanie-Ruhle\" title=\"Stephanie Ruhle\">Stephanie Ruhle<\/a>,\n<a style=\"font-size:18px;\" href=\"https:\/\/mp3play.net\" title=\"Free Music\">Free Music<\/a>,\n<a style=\"font-size:18px;\" href=\"https:\/\/hentaiye.com\/?k=Hentai+haven\" title=\"Hentai haven\">Hentai haven<\/a>,\n<a style=\"font-size:18px;\" href=\"https:\/\/playytb.com\/watch\/Travel-Insurance-For-Canada\" title=\"Travel Insurance For Canada\">Travel Insurance For Canada<\/a>,\n<\/div><\/p>\r\n","protected":false},"excerpt":{"rendered":"<p>En los albores del mes de julio de 1995, reunidos los integrantes de la familia Garc\u00eda Garc\u00eda (Luis, Margot y Luisa) con el acompa\u00f1amiento de Blanca Pel\u00e1ez (esposa de Luis) y el primo-hermano Justo&#46;&#46;&#46;<\/p>\n","protected":false},"author":1,"featured_media":0,"parent":0,"menu_order":0,"comment_status":"closed","ping_status":"closed","template":"","meta":{"footnotes":""},"class_list":["post-9","page","type-page","status-publish","hentry"],"_links":{"self":[{"href":"https:\/\/colegiodomingosavio.clasesit.com\/sitio\/wp-json\/wp\/v2\/pages\/9","targetHints":{"allow":["GET"]}}],"collection":[{"href":"https:\/\/colegiodomingosavio.clasesit.com\/sitio\/wp-json\/wp\/v2\/pages"}],"about":[{"href":"https:\/\/colegiodomingosavio.clasesit.com\/sitio\/wp-json\/wp\/v2\/types\/page"}],"author":[{"embeddable":true,"href":"https:\/\/colegiodomingosavio.clasesit.com\/sitio\/wp-json\/wp\/v2\/users\/1"}],"replies":[{"embeddable":true,"href":"https:\/\/colegiodomingosavio.clasesit.com\/sitio\/wp-json\/wp\/v2\/comments?post=9"}],"version-history":[{"count":13,"href":"https:\/\/colegiodomingosavio.clasesit.com\/sitio\/wp-json\/wp\/v2\/pages\/9\/revisions"}],"predecessor-version":[{"id":719,"href":"https:\/\/colegiodomingosavio.clasesit.com\/sitio\/wp-json\/wp\/v2\/pages\/9\/revisions\/719"}],"wp:attachment":[{"href":"https:\/\/colegiodomingosavio.clasesit.com\/sitio\/wp-json\/wp\/v2\/media?parent=9"}],"curies":[{"name":"wp","href":"https:\/\/api.w.org\/{rel}","templated":true}]}}