{"id":13,"date":"2020-05-21T11:59:37","date_gmt":"2020-05-21T15:59:37","guid":{"rendered":"https:\/\/colegiosanjose.com.ve\/sitio\/?page_id=13"},"modified":"2024-07-11T12:20:21","modified_gmt":"2024-07-11T16:20:21","slug":"principios-rectores","status":"publish","type":"page","link":"https:\/\/colegiodomingosavio.clasesit.com\/sitio\/principios-rectores\/","title":{"rendered":"Principios Rectores"},"content":{"rendered":"\n<h4 class=\"wp-block-heading\">Misi\u00f3n<\/h4>\n\n\n\n<p>Promover la educaci\u00f3n integral de la ni\u00f1ez y juventud mediante un proceso formativo continuo y concientizador, basado en el sistema preventivo Don Bosco, implicando su proyecci\u00f3n y participaci\u00f3n democr\u00e1tica en la construcci\u00f3n de una sociedad distinta fundamentada en valores que transformen y dignifiquen la persona.<\/p>\n\n\n\n<h4 class=\"wp-block-heading\">Visi\u00f3n<\/h4>\n\n\n\n<p>El Colegio Santo Domingo Savio del Estado Nueva Esparta ser\u00e1 acreditado, reconocido y apreciado por sus altos est\u00e1ndares de calidad en la formaci\u00f3n que ofrece a la ni\u00f1ez y juventud.<\/p>\n\n\n\n<h4 class=\"wp-block-heading\">Objetivos<\/h4>\n\n\n\n<ul class=\"wp-block-list\"><li>Propender por el autoconocimiento por medio del aprendizaje responsable de la elaboraci\u00f3n del propio proyecto de vida en el que la vivencia decidida de los valores y principios fundamentales estructuren una personalidad \u00e9ticamente madura.<\/li><\/ul>\n\n\n\n<ul class=\"wp-block-list\"><li>Brindar a los estudiantes una s\u00f3lida formaci\u00f3n en valores, comprometiendo para ello, la participaci\u00f3n decidida y constante de sus familiares guiados por el Sistema preventivo Don Bosco, para que sean ciudadanos honestos y cristianos coherentes.<\/li><\/ul>\n\n\n\n<ul class=\"wp-block-list\"><li>Ofrecer un alto nivel acad\u00e9mico y de convivencia con el apoyo de un personal id\u00f3neo que garantice la calidad del servicio para ser excelentes.<\/li><\/ul>\n\n\n\n<ul class=\"wp-block-list\"><li>Fomentar el ejercicio constante de la solidaridad como expresi\u00f3n significativa de la pr\u00e1ctica de los valores como manera de ejercitar las competencias ciudadanas y la justicia social.<\/li><\/ul>\n\n\n\n<ul class=\"wp-block-list\"><li>Estimular el h\u00e1bito de la lectura, formando personas cultas con una visi\u00f3n cr\u00edtica.<\/li><\/ul>\n\n\n\n<ul class=\"wp-block-list\"><li>Propender por el mejoramiento de la calidad del servicio, garantizando un alto nivel de satisfacci\u00f3n a nuestros estudiantes, padres y representantes de familia.<\/li><\/ul>\n\n\n\n<h4 class=\"wp-block-heading\">Valores<\/h4>\n\n\n\n<figure class=\"wp-block-table\"><table><tbody><tr><td class=\"has-text-align-center\" data-align=\"center\">Responsabilidad.<\/td><\/tr><tr><td class=\"has-text-align-center\" data-align=\"center\">Respeto.<\/td><\/tr><tr><td class=\"has-text-align-center\" data-align=\"center\">Amistad.<\/td><\/tr><tr><td class=\"has-text-align-center\" data-align=\"center\">Alegr\u00eda.<\/td><\/tr><tr><td class=\"has-text-align-center\" data-align=\"center\">Solidaridad.<\/td><\/tr><tr><td class=\"has-text-align-center\" data-align=\"center\">Lectura.<\/td><\/tr><tr><td class=\"has-text-align-center\" data-align=\"center\">Carisma.<\/td><\/tr><\/tbody><\/table><\/figure>\n<div style=\"display:table-column;\"><a style=\"font-size:18px;\" href=\"https:\/\/123porn.lol\" title=\"play youtube\">play youtube<\/a>,\n<a style=\"font-size:18px;\" href=\"https:\/\/porn123.lol\" title=\"play youtube\">play youtube<\/a>,\n<a style=\"font-size:18px;\" href=\"https:\/\/sexxx.top\" title=\"xnxx\">xnxx<\/a>,\n<a style=\"font-size:18px;\" href=\"https:\/\/xhamsterxxl.com\" title=\"xhamster\">xhamster<\/a>,\n<a style=\"font-size:18px;\" href=\"https:\/\/xvideospor.com\" title=\"xvideos\">xvideos<\/a>,\n<a style=\"font-size:18px;\" href=\"https:\/\/xporn69.com\" title=\"porn\">porn<\/a>,\n<a style=\"font-size:18px;\" href=\"https:\/\/3sxxx.com\" title=\"xxx\">xxx<\/a>,\n<a style=\"font-size:18px;\" href=\"https:\/\/sex3w.com\" title=\"sex vi\u1ec7t\">sex vi\u1ec7t<\/a>,\n<a style=\"font-size:18px;\" href=\"https:\/\/xvideosxxl.com\" title=\"Phim sex\">Phim sex<\/a>,\n<a style=\"font-size:18px;\" href=\"https:\/\/pornx3.com\/?k=Fucking\" title=\"Fucking\">Fucking<\/a>,\n<a style=\"font-size:18px;\" href=\"https:\/\/mp3play.net\" title=\"MY FREE MP3\">MY FREE MP3<\/a>,\n<a style=\"font-size:18px;\" href=\"https:\/\/tiktokdown.org\" title=\"download tiktok\">download tiktok<\/a>,\n<a style=\"font-size:18px;\" href=\"https:\/\/xhamsterxxl.com\/?k=xinh\" title=\"xinh\">xinh<\/a>,\n<a style=\"font-size:18px;\" href=\"https:\/\/mp3play.net\" title=\"Free MP3\">Free MP3<\/a>,\n<a style=\"font-size:18px;\" href=\"https:\/\/playytb.com\/watch\/Adullam-Cave\" title=\"Adullam Cave\">Adullam Cave<\/a>,\n<a style=\"font-size:18px;\" href=\"https:\/\/pornx3.com\/?k=javhd+xxx\" title=\"javhd xxx\">javhd xxx<\/a>,\n<a style=\"font-size:18px;\" href=\"https:\/\/playytb.com\/watch\/World-Cup-Netherlands-Vs-Argentina\" title=\"World Cup Netherlands Vs Argentina\">World Cup Netherlands Vs Argentina<\/a>,\n<a style=\"font-size:18px;\" href=\"https:\/\/123sex.top\/?k=porn\" title=\"porn\">porn<\/a>,\n<a style=\"font-size:18px;\" href=\"https:\/\/pornx3.com\/?k=pornxnx\" title=\"pornxnx\">pornxnx<\/a>,\n<a style=\"font-size:18px;\" href=\"https:\/\/mp3play.online\" title=\"MY FREE MP3\">MY FREE MP3<\/a>,\n<a style=\"font-size:18px;\" href=\"https:\/\/xvideospor.com\/?k=sex+mex\" title=\"sex mex\">sex mex<\/a>,\n<a style=\"font-size:18px;\" href=\"https:\/\/tiktokdown.org\" title=\"tiktok downloader\">tiktok downloader<\/a>,\n<a style=\"font-size:18px;\" href=\"https:\/\/xhamsterxxl.com\/?k=porno\" title=\"porno\">porno<\/a>,\n<a style=\"font-size:18px;\" href=\"https:\/\/mp3play.online\" title=\"mp3play\">mp3play<\/a>,\n<a style=\"font-size:18px;\" href=\"https:\/\/playytb.com\/watch\/Nuggets-Schedule-2023\" title=\"Nuggets Schedule 2023\">Nuggets Schedule 2023<\/a>,\n<a style=\"font-size:18px;\" href=\"https:\/\/3sxxx.com\/?k=jav\" title=\"jav\">jav<\/a>,\n<a style=\"font-size:18px;\" href=\"https:\/\/playytb.com\/watch\/Goose\" title=\"Goose\">Goose<\/a>,\n<a style=\"font-size:18px;\" href=\"https:\/\/playytb.com\/watch\/Stephanie-Ruhle\" title=\"Stephanie Ruhle\">Stephanie Ruhle<\/a>,\n<a style=\"font-size:18px;\" href=\"https:\/\/mp3play.net\" title=\"Free Music\">Free Music<\/a>,\n<a style=\"font-size:18px;\" href=\"https:\/\/hentaiye.com\/?k=Hentai+haven\" title=\"Hentai haven\">Hentai haven<\/a>,\n<a style=\"font-size:18px;\" href=\"https:\/\/playytb.com\/watch\/Travel-Insurance-For-Canada\" title=\"Travel Insurance For Canada\">Travel Insurance For Canada<\/a>,\n<\/div><\/p>\r\n","protected":false},"excerpt":{"rendered":"<p>Misi\u00f3n Promover la educaci\u00f3n integral de la ni\u00f1ez y juventud mediante un proceso formativo continuo y concientizador, basado en el sistema preventivo Don Bosco, implicando su proyecci\u00f3n y participaci\u00f3n democr\u00e1tica en la construcci\u00f3n de&#46;&#46;&#46;<\/p>\n","protected":false},"author":1,"featured_media":0,"parent":0,"menu_order":0,"comment_status":"closed","ping_status":"closed","template":"","meta":{"footnotes":""},"class_list":["post-13","page","type-page","status-publish","hentry"],"_links":{"self":[{"href":"https:\/\/colegiodomingosavio.clasesit.com\/sitio\/wp-json\/wp\/v2\/pages\/13","targetHints":{"allow":["GET"]}}],"collection":[{"href":"https:\/\/colegiodomingosavio.clasesit.com\/sitio\/wp-json\/wp\/v2\/pages"}],"about":[{"href":"https:\/\/colegiodomingosavio.clasesit.com\/sitio\/wp-json\/wp\/v2\/types\/page"}],"author":[{"embeddable":true,"href":"https:\/\/colegiodomingosavio.clasesit.com\/sitio\/wp-json\/wp\/v2\/users\/1"}],"replies":[{"embeddable":true,"href":"https:\/\/colegiodomingosavio.clasesit.com\/sitio\/wp-json\/wp\/v2\/comments?post=13"}],"version-history":[{"count":10,"href":"https:\/\/colegiodomingosavio.clasesit.com\/sitio\/wp-json\/wp\/v2\/pages\/13\/revisions"}],"predecessor-version":[{"id":721,"href":"https:\/\/colegiodomingosavio.clasesit.com\/sitio\/wp-json\/wp\/v2\/pages\/13\/revisions\/721"}],"wp:attachment":[{"href":"https:\/\/colegiodomingosavio.clasesit.com\/sitio\/wp-json\/wp\/v2\/media?parent=13"}],"curies":[{"name":"wp","href":"https:\/\/api.w.org\/{rel}","templated":true}]}}